{"id":3000,"date":"2022-06-13T16:57:53","date_gmt":"2022-06-13T16:57:53","guid":{"rendered":"https:\/\/cultures-restaurants.com\/franchises\/"},"modified":"2023-10-17T13:51:26","modified_gmt":"2023-10-17T13:51:26","slug":"franchises","status":"publish","type":"page","link":"https:\/\/cultures-restaurants.com\/fr\/franchises\/","title":{"rendered":"FRANCHISES"},"content":{"rendered":"<div class=\"fusion-fullwidth fullwidth-box fusion-builder-row-1 fusion-flex-container nonhundred-percent-fullwidth non-hundred-percent-height-scrolling\" style=\"--awb-border-radius-top-left:0px;--awb-border-radius-top-right:0px;--awb-border-radius-bottom-right:0px;--awb-border-radius-bottom-left:0px;--awb-flex-wrap:wrap;\" ><div class=\"fusion-builder-row fusion-row fusion-flex-align-items-flex-start fusion-flex-content-wrap\" style=\"max-width:1248px;margin-left: calc(-4% \/ 2 );margin-right: calc(-4% \/ 2 );\"><div class=\"fusion-layout-column fusion_builder_column fusion-builder-column-0 fusion_builder_column_1_1 1_1 fusion-flex-column\" style=\"--awb-bg-size:cover;--awb-width-large:100%;--awb-margin-top-large:0px;--awb-spacing-right-large:1.92%;--awb-margin-bottom-large:20px;--awb-spacing-left-large:1.92%;--awb-width-medium:100%;--awb-order-medium:0;--awb-spacing-right-medium:1.92%;--awb-spacing-left-medium:1.92%;--awb-width-small:100%;--awb-order-small:0;--awb-spacing-right-small:1.92%;--awb-spacing-left-small:1.92%;\"><div class=\"fusion-column-wrapper fusion-column-has-shadow fusion-flex-justify-content-flex-start fusion-content-layout-column\"><\/div><\/div><div class=\"fusion-layout-column fusion_builder_column fusion-builder-column-1 fusion_builder_column_1_1 1_1 fusion-flex-column\" style=\"--awb-bg-size:cover;--awb-width-large:100%;--awb-margin-top-large:0px;--awb-spacing-right-large:1.92%;--awb-margin-bottom-large:20px;--awb-spacing-left-large:1.92%;--awb-width-medium:100%;--awb-order-medium:0;--awb-spacing-right-medium:1.92%;--awb-spacing-left-medium:1.92%;--awb-width-small:100%;--awb-order-small:0;--awb-spacing-right-small:1.92%;--awb-spacing-left-small:1.92%;\"><div class=\"fusion-column-wrapper fusion-column-has-shadow fusion-flex-justify-content-flex-start fusion-content-layout-column\"><div style=\"text-align:center;\"><a class=\"fusion-button button-flat fusion-button-default-size button-custom fusion-button-default button-1 fusion-button-default-span fusion-button-default-type\" style=\"--button_accent_color:#ffffff;--button_border_color:#ffffff;--button_accent_hover_color:var(--awb-color1);--button_border_hover_color:var(--awb-color1);--button_gradient_top_color:#aeba12;--button_gradient_bottom_color:#aeba12;--button_gradient_top_color_hover:#b1ba39;--button_gradient_bottom_color_hover:#b1ba39;--button_padding-top:20px;--button_padding-bottom:20px;\" target=\"_blank\" rel=\"noopener noreferrer\" href=\"https:\/\/mtygroup.com\/franchise-canadienne\/\"><span class=\"fusion-button-text awb-button__text awb-button__text--default\">FORMULAIRE DE DEMANDE POUR DEVENIR FRANCHIS\u00c9<\/span><\/a><\/div><\/div><\/div><div class=\"fusion-layout-column fusion_builder_column fusion-builder-column-2 fusion_builder_column_1_1 1_1 fusion-flex-column\" style=\"--awb-bg-size:cover;--awb-width-large:100%;--awb-margin-top-large:0px;--awb-spacing-right-large:1.92%;--awb-margin-bottom-large:20px;--awb-spacing-left-large:1.92%;--awb-width-medium:100%;--awb-order-medium:0;--awb-spacing-right-medium:1.92%;--awb-spacing-left-medium:1.92%;--awb-width-small:100%;--awb-order-small:0;--awb-spacing-right-small:1.92%;--awb-spacing-left-small:1.92%;\"><div class=\"fusion-column-wrapper fusion-column-has-shadow fusion-flex-justify-content-flex-start fusion-content-layout-column\"><div class=\"fusion-text fusion-text-1\" style=\"--awb-line-height:1.3;--awb-text-color:#000000;\"><h3><strong>CR\u00c9ONS ENSEMBLE UN MODE DE VIE SAIN!<\/strong><\/h3>\n<p class=\"\">La marque CulturesMD est une cheffe de file dans l\u2019industrie de la restauration rapide sp\u00e9cialis\u00e9e dans les sandwichs et les salades au Canada. Nos 55 \u00e9tablissements situ\u00e9s partout au Canada servent de savoureux aliments pauvres en mati\u00e8res grasses aux clients soucieux de leur sant\u00e9 depuis plus de 30 ans.<\/p>\n<p class=\"\">Membre du Groupe MTY, Cultures fait partie d\u2019un r\u00e9seau de plus de 7 000 \u00e9tablissements dans le monde entier, r\u00e9partis sous 26 marques. Le Groupe MTY est pass\u00e9 ma\u00eetre dans le franchisage de restaurants \u00e0 service rapide, et figure parmi les principales entreprises de restauration rapide au Canada. Le principal atout du Groupe MTY r\u00e9side dans l\u2019expansion de la marque, le pouvoir d\u2019achat, la s\u00e9lection des emplacements, l\u2019excellence d\u2019exploitation et les synergies de comarquage Sa strat\u00e9gie multimarque lui a permis de devenir un chef de file dans sa cat\u00e9gorie.<\/p>\n<h3><strong>PRENEZ PART \u00c0 LA R\u00c9VOLUTION SANT\u00c9<\/strong><\/h3>\n<p class=\"\">Devenir un franchis\u00e9 de Cultures ne signifie pas seulement se lancer en affaires, mais cela signifie aussi promouvoir un mode de vie sain et contribuer \u00e0 une r\u00e9volution en mati\u00e8re de sant\u00e9. Vous vous joindrez \u00e0 un r\u00e9seau regroupant d\u2019autres entrepreneurs qui partagent cette m\u00eame passion de contribuer \u00e0 la r\u00e9volution sant\u00e9.<\/p>\n<p class=\"\">Notre devise \u00ab Des choix sant\u00e9 pour l\u2019AMOUR de votre bien-\u00eatre! \u00bb consiste \u00e0 faire passer le bien-\u00eatre de nos clients avant tout. Au Canada, notre marque a la r\u00e9putation d\u2019\u00eatre la premi\u00e8re destination pour d\u00e9guster un d\u00e9licieux repas sant\u00e9. Nous nous engageons \u00e0 b\u00e2tir la notori\u00e9t\u00e9 de la marque Cultures, une succursale \u00e0 la fois, un franchis\u00e9 \u00e0 la fois.<\/p>\n<p class=\"\">Quel que soit votre exp\u00e9rience en gestion de votre propre entreprise, l\u2019\u00e9quipe de Cultures vous accompagnera tout au long du processus. Tout ce dont vous avez besoin, c\u2019est d\u2019une attitude positive, de la d\u00e9termination \u00e0 r\u00e9ussir et d\u2019un esprit entrepreneurial.<\/p>\n<h3><strong>CULTURES : UN CONCEPT QUI REPOSE SUR L\u2019\u00c9QUILIBRE<\/strong><\/h3>\n<p class=\"\">Les succursales Cultures reposent sur les cinq (5) \u00ab S \u00bb \u2014 sandwichs, salades, smoothies, soupes et snacks! Le march\u00e9 des aliments naturels compte de nombreux joueurs, mais la marque Cultures, toujours forte, a surv\u00e9cu \u00e0 de nombreux concurrents. Notre avantage concurrentiel provient des aspects cl\u00e9s suivants :<\/p>\n<ul data-rte-list=\"default\">\n<li>\n<p class=\"\">des recettes de pointe<\/p>\n<\/li>\n<li>\n<p class=\"\">une vari\u00e9t\u00e9 de choix \u00e9quilibr\u00e9s<\/p>\n<\/li>\n<li>\n<p class=\"\">un menu pour chaque partie de la journ\u00e9e \u2014 d\u00e9jeuner, d\u00eener, souper ou collation<\/p>\n<\/li>\n<li>\n<p class=\"\">un service de traiteur efficace<\/p>\n<\/li>\n<li>\n<p class=\"\">un menu sophistiqu\u00e9 et tendance<\/p>\n<\/li>\n<\/ul>\n<h3><strong>NOTRE MENU<\/strong><\/h3>\n<p class=\"\">Toutes nos recettes font l\u2019objet de tests nutritionnels rigoureux et sont pr\u00e9par\u00e9es en pensant \u00e0 notre client\u00e8le : elles sont pauvres en mati\u00e8res grasses et sont nutritives.<\/p>\n<p class=\"\">Notre menu comprend :<\/p>\n<ul data-rte-list=\"default\">\n<li>\n<p class=\"\">Des sandwichs \u2014 roul\u00e9s, paninis et sandwichs gourmets d\u00e9licieux et sant\u00e9<\/p>\n<\/li>\n<li>\n<p class=\"\">Des salades \u2014 un choix de 12 \u00e0 15 sortes de salades fra\u00eechement pr\u00e9par\u00e9es<\/p>\n<\/li>\n<li>\n<p class=\"\">Des bols Cultures \u2014 plusieurs garnitures servies sur du riz brun chaud<\/p>\n<\/li>\n<li>\n<p class=\"\">Des soupes et des plats chauds \u2014 repas chauds et copieux, y compris nos populaires quiches<\/p>\n<\/li>\n<li>\n<p class=\"\">Des smoothies et des bols smoothies \u2014 yogourt glac\u00e9 ou lait d\u2019amande, m\u00e9lang\u00e9 \u00e0 des fruits frais<\/p>\n<\/li>\n<li>\n<p class=\"\">Des viennoiseries \u2014 muffins, scones, croissants et autres viennoiseries maison<\/p>\n<\/li>\n<li>\n<p class=\"\">Du caf\u00e9 \u2014 du caf\u00e9 de qualit\u00e9 sup\u00e9rieure, fra\u00eechement infus\u00e9, aux saveurs vari\u00e9es<\/p>\n<\/li>\n<li>\n<p class=\"\">Un service de traiteur<\/p>\n<\/li>\n<li>\n<p class=\"\">Des collations<\/p>\n<\/li>\n<\/ul>\n<h3><strong>NOUS VOUS ACCOMPAGNERONS PAS \u00c0 PAS!<\/strong><\/h3>\n<p class=\"\"><strong>S\u00e9lection de l\u2019emplacement<br \/>\n<\/strong>La superficie d\u2019un comptoir de foire alimentaire est de 400 \u00e0 500 pi2, tandis que celle d\u2019un restaurant ayant pignon sur rue est de 1 200 \u00e0 1 600 pi2.<\/p>\n<p class=\"\"><strong>Formation<br \/>\n<\/strong>Afin de s\u2019assurer que la marque Cultures maintient des normes \u00e9lev\u00e9es et uniformes dans toutes ses succursales, chaque franchis\u00e9 suit une formation pour exploiter sa franchise conform\u00e9ment aux lignes directrices et aux recettes de Cultures.<\/p>\n<p class=\"\">Avant l\u2019ouverture d\u2019une succursale de Cultures, chaque franchis\u00e9 doit suivre un programme de formation de deux semaines aupr\u00e8s de notre \u00e9quipe de l\u2019exploitation ainsi qu\u2019une semaine de formation en classe \u00e0 l\u2019Universit\u00e9 MTY. Durant cette p\u00e9riode, notre \u00e9quipe de l\u2019exploitation passe en revue chaque recette et offre une formation th\u00e9orique ainsi qu\u2019une formation pratique. Cette formation th\u00e9orique, ainsi que la formation sur place avant et celle apr\u00e8s l\u2019ouverture, dispens\u00e9es par notre \u00e9quipe de l\u2019exploitation exp\u00e9riment\u00e9e, pr\u00e9parent le nouveau propri\u00e9taire \u00e0 ouvrir et \u00e0 g\u00e9rer sa nouvelle franchise. Notre \u00e9quipe de l\u2019exploitation est sur place pour toutes les activit\u00e9s pr\u00e9c\u00e9dant l\u2019ouverture et pendant celle-ci. Un soutien suivant l\u2019ouverture est assur\u00e9 de fa\u00e7on continue.<\/p>\n<p class=\"\"><strong>Soutien promotionnel<br \/>\n<\/strong>L\u2019\u00e9quipe de marketing de Cultures utilise l\u2019argent du fonds de marketing pour des campagnes marketing nationales, comme l\u2019optimisation de l\u2019exposition de la marque sur tous les march\u00e9s. Elle contribue \u00e9galement \u00e0 la recherche et au d\u00e9veloppement de nouveaux produits, \u00e0 la r\u00e9alisation d\u2019\u00e9tudes de march\u00e9 et \u00e0 la mise au point d\u2019outils et de ressources que les franchises peuvent utiliser pour promouvoir leurs activit\u00e9s \u00e0 l\u2019\u00e9chelle locale et pour b\u00e2tir leur client\u00e8le.<\/p>\n<h3><strong>PRENEZ PART \u00c0 LA R\u00c9VOLUTION SANT\u00c9 AVEC NOUS!<\/strong><\/h3>\n<p class=\"\">Si vous \u00eates une personne d\u00e9vou\u00e9e et motiv\u00e9e ayant \u00e0 c\u0153ur la promotion d\u2019une saine alimentation, alors joignez-vous \u00e0 la famille Cultures! En tant que membre du Groupe MTY, devenir propri\u00e9taire d\u2019une franchise Cultures signifie profiter des avantages suivants :<\/p>\n<ul data-rte-list=\"default\">\n<li>\n<p class=\"\">un pouvoir d\u2019achat gr\u00e2ce \u00e0 des escomptes de volume<\/p>\n<\/li>\n<li>\n<p class=\"\">l\u2019expertise de notre \u00e9quipe immobili\u00e8re exp\u00e9riment\u00e9e en mati\u00e8re de s\u00e9lection d\u2019emplacements<\/p>\n<\/li>\n<li>\n<p class=\"\">une port\u00e9e promotionnelle et publicitaire gr\u00e2ce \u00e0 un vaste r\u00e9seau de franchises<\/p>\n<\/li>\n<li>\n<p class=\"\">de la formation et du soutien de notre \u00e9quipe de l\u2019exploitation hautement comp\u00e9tente<\/p>\n<\/li>\n<li>\n<p class=\"\">une direction et un soutien continus de la part du franchiseur, et ce, avant et apr\u00e8s l\u2019ouverture de la franchise.<\/p>\n<\/li>\n<\/ul>\n<p class=\"\">L\u2019investissement de d\u00e9part estim\u00e9 pour \u00e9tablir une franchise Cultures varie selon le type et la superficie de l\u2019emplacement. Notre documentation d\u2019information contient une ventilation d\u00e9taill\u00e9e du co\u00fbt. Vous pourrez la consulter d\u00e8s que vous serez pr\u00eat \u00e0 franchir l\u2019\u00e9tape suivante pour devenir propri\u00e9taire d\u2019une franchise Cultures.<\/p>\n<\/div><\/div><\/div><\/div><\/div>\n","protected":false},"excerpt":{"rendered":"","protected":false},"author":1,"featured_media":0,"parent":0,"menu_order":0,"comment_status":"closed","ping_status":"closed","template":"","meta":{"_acf_changed":false,"footnotes":""},"class_list":["post-3000","page","type-page","status-publish","hentry"],"acf":[],"_links":{"self":[{"href":"https:\/\/cultures-restaurants.com\/fr\/wp-json\/wp\/v2\/pages\/3000","targetHints":{"allow":["GET"]}}],"collection":[{"href":"https:\/\/cultures-restaurants.com\/fr\/wp-json\/wp\/v2\/pages"}],"about":[{"href":"https:\/\/cultures-restaurants.com\/fr\/wp-json\/wp\/v2\/types\/page"}],"author":[{"embeddable":true,"href":"https:\/\/cultures-restaurants.com\/fr\/wp-json\/wp\/v2\/users\/1"}],"replies":[{"embeddable":true,"href":"https:\/\/cultures-restaurants.com\/fr\/wp-json\/wp\/v2\/comments?post=3000"}],"version-history":[{"count":5,"href":"https:\/\/cultures-restaurants.com\/fr\/wp-json\/wp\/v2\/pages\/3000\/revisions"}],"predecessor-version":[{"id":9718,"href":"https:\/\/cultures-restaurants.com\/fr\/wp-json\/wp\/v2\/pages\/3000\/revisions\/9718"}],"wp:attachment":[{"href":"https:\/\/cultures-restaurants.com\/fr\/wp-json\/wp\/v2\/media?parent=3000"}],"curies":[{"name":"wp","href":"https:\/\/api.w.org\/{rel}","templated":true}]}}