{"id":3172,"date":"2022-06-13T17:01:51","date_gmt":"2022-06-13T17:01:51","guid":{"rendered":"https:\/\/cultures-restaurants.com\/nous-joindre\/"},"modified":"2025-01-16T19:02:01","modified_gmt":"2025-01-16T19:02:01","slug":"nous-joindre","status":"publish","type":"page","link":"https:\/\/cultures-restaurants.com\/fr\/nous-joindre\/","title":{"rendered":"Nous joindre"},"content":{"rendered":"<p><div class=\"fusion-fullwidth fullwidth-box fusion-builder-row-1 fusion-flex-container nonhundred-percent-fullwidth non-hundred-percent-height-scrolling\" style=\"--awb-border-radius-top-left:0px;--awb-border-radius-top-right:0px;--awb-border-radius-bottom-right:0px;--awb-border-radius-bottom-left:0px;--awb-flex-wrap:wrap;\" ><div class=\"fusion-builder-row fusion-row fusion-flex-align-items-flex-start fusion-flex-content-wrap\" style=\"max-width:1248px;margin-left: calc(-4% \/ 2 );margin-right: calc(-4% \/ 2 );\"><div class=\"fusion-layout-column fusion_builder_column fusion-builder-column-0 fusion_builder_column_3_5 3_5 fusion-flex-column\" style=\"--awb-bg-size:cover;--awb-width-large:60%;--awb-margin-top-large:0px;--awb-spacing-right-large:3.2%;--awb-margin-bottom-large:20px;--awb-spacing-left-large:3.2%;--awb-width-medium:100%;--awb-order-medium:0;--awb-spacing-right-medium:1.92%;--awb-spacing-left-medium:1.92%;--awb-width-small:100%;--awb-order-small:0;--awb-spacing-right-small:1.92%;--awb-spacing-left-small:1.92%;\"><div class=\"fusion-column-wrapper fusion-column-has-shadow fusion-flex-justify-content-flex-start fusion-content-layout-column\"><div class=\"fusion-text fusion-text-1\"><h1 style=\"text-align: left; font-family: mojito, sans-serif; font-size: 50px;\">Nous joindre<\/h1>\n<\/div><div class=\"fusion-text fusion-text-2\" style=\"--awb-line-height:1.5;--awb-text-color:#000000;\"><p>Vos commentaires et vos opinions comptent pour nous. Veuillez nous faire<br \/>\npart de votre r\u00e9cente exp\u00e9rience Cultures \u00e0 l\u2019aide de notre formulaire r\u00e9serv\u00e9 aux commentaires des clients.<br \/>\nNous sommes toujours heureux de recevoir vos commentaires; ils nous permettent de<br \/>\ncontinuellement am\u00e9liorer le service que nous vous offrons. Nous vous remercions<br \/>\nde fr\u00e9quenter nos restaurants.<\/p>\n<\/div><div class=\"fusion-text fusion-text-3\"><p><script type=\"text\/javascript\" src=\"https:\/\/form.jotform.com\/jsform\/232588019443258\"><\/script><\/p>\n<\/div><\/div><\/div><div class=\"fusion-layout-column fusion_builder_column fusion-builder-column-1 fusion_builder_column_2_5 2_5 fusion-flex-column\" style=\"--awb-bg-size:cover;--awb-width-large:40%;--awb-margin-top-large:0px;--awb-spacing-right-large:4.8%;--awb-margin-bottom-large:20px;--awb-spacing-left-large:4.8%;--awb-width-medium:100%;--awb-order-medium:0;--awb-spacing-right-medium:1.92%;--awb-spacing-left-medium:1.92%;--awb-width-small:100%;--awb-order-small:0;--awb-spacing-right-small:1.92%;--awb-spacing-left-small:1.92%;\"><div class=\"fusion-column-wrapper fusion-column-has-shadow fusion-flex-justify-content-flex-start fusion-content-layout-column\"><div class=\"fusion-text fusion-text-4\" style=\"--awb-line-height:1.3;--awb-text-color:#000000;\"><h4 style=\"text-align: left; font-family: raleway, sans-serif;\">SI\u00c8GE SOCIAL DES RESTAURANTS CULTURES<\/h4>\n<p>2, East Beaver Creek Road, Building 1<br \/>\nRichmond Hill (Ontario) L4B 2N3<\/p>\n<\/div><div class=\"fusion-text fusion-text-5\"><p><iframe style=\"border: 0;\" src=\"https:\/\/www.google.com\/maps\/embed?pb=!1m14!1m8!1m3!1d11808.536723283372!2d-83.003739!3d42.275659!3m2!1i1024!2i768!4f13.1!3m3!1m2!1s0x0%3A0x7aca1257be049ba3!2sCultures!5e0!3m2!1sen!2sca!4v1655147566467!5m2!1sen!2sca\" width=\"100%\" height=\"400\" allowfullscreen=\"allowfullscreen\"><\/iframe><\/p>\n<\/div><\/div><\/div><\/div><\/div><div class=\"fusion-fullwidth fullwidth-box fusion-builder-row-2 fusion-flex-container nonhundred-percent-fullwidth non-hundred-percent-height-scrolling\" style=\"--awb-border-radius-top-left:0px;--awb-border-radius-top-right:0px;--awb-border-radius-bottom-right:0px;--awb-border-radius-bottom-left:0px;--awb-flex-wrap:wrap;\" ><div class=\"fusion-builder-row fusion-row fusion-flex-align-items-flex-start fusion-flex-content-wrap\" style=\"max-width:1248px;margin-left: calc(-4% \/ 2 );margin-right: calc(-4% \/ 2 );\"><div class=\"fusion-layout-column fusion_builder_column fusion-builder-column-2 fusion_builder_column_1_1 1_1 fusion-flex-column\" style=\"--awb-bg-size:cover;--awb-width-large:100%;--awb-margin-top-large:0px;--awb-spacing-right-large:1.92%;--awb-margin-bottom-large:20px;--awb-spacing-left-large:1.92%;--awb-width-medium:100%;--awb-order-medium:0;--awb-spacing-right-medium:1.92%;--awb-spacing-left-medium:1.92%;--awb-width-small:100%;--awb-order-small:0;--awb-spacing-right-small:1.92%;--awb-spacing-left-small:1.92%;\"><div class=\"fusion-column-wrapper fusion-column-has-shadow fusion-flex-justify-content-flex-start fusion-content-layout-column\"><div class=\"fusion-text fusion-text-6\"><h4>Faites-nous part de vos pr\u00e9cieux commentaires. Nous vous invitons \u00e0 nous \u00e9crire pour nous faire part de vos suggestions, de vos commentaires ou de votre exp\u00e9rience!<\/h4>\n<\/div><div class=\"fusion-text fusion-text-7\"><p><script type=\"text\/javascript\" src=\"https:\/\/form.jotform.com\/jsform\/232525136822048\"><\/script><\/p>\n<\/div><\/div><\/div><\/div><\/div><\/p>\n","protected":false},"excerpt":{"rendered":"","protected":false},"author":1,"featured_media":0,"parent":0,"menu_order":0,"comment_status":"closed","ping_status":"closed","template":"100-width.php","meta":{"_acf_changed":false,"footnotes":""},"class_list":["post-3172","page","type-page","status-publish","hentry"],"acf":[],"_links":{"self":[{"href":"https:\/\/cultures-restaurants.com\/fr\/wp-json\/wp\/v2\/pages\/3172","targetHints":{"allow":["GET"]}}],"collection":[{"href":"https:\/\/cultures-restaurants.com\/fr\/wp-json\/wp\/v2\/pages"}],"about":[{"href":"https:\/\/cultures-restaurants.com\/fr\/wp-json\/wp\/v2\/types\/page"}],"author":[{"embeddable":true,"href":"https:\/\/cultures-restaurants.com\/fr\/wp-json\/wp\/v2\/users\/1"}],"replies":[{"embeddable":true,"href":"https:\/\/cultures-restaurants.com\/fr\/wp-json\/wp\/v2\/comments?post=3172"}],"version-history":[{"count":5,"href":"https:\/\/cultures-restaurants.com\/fr\/wp-json\/wp\/v2\/pages\/3172\/revisions"}],"predecessor-version":[{"id":13018,"href":"https:\/\/cultures-restaurants.com\/fr\/wp-json\/wp\/v2\/pages\/3172\/revisions\/13018"}],"wp:attachment":[{"href":"https:\/\/cultures-restaurants.com\/fr\/wp-json\/wp\/v2\/media?parent=3172"}],"curies":[{"name":"wp","href":"https:\/\/api.w.org\/{rel}","templated":true}]}}