{"id":3181,"date":"2022-06-13T16:57:27","date_gmt":"2022-06-13T16:57:27","guid":{"rendered":"https:\/\/cultures-restaurants.com\/notre-histoire\/"},"modified":"2023-01-19T17:06:02","modified_gmt":"2023-01-19T17:06:02","slug":"notre-histoire","status":"publish","type":"page","link":"https:\/\/cultures-restaurants.com\/fr\/notre-histoire\/","title":{"rendered":"NOTRE HISTOIRE"},"content":{"rendered":"<div class=\"fusion-fullwidth fullwidth-box fusion-builder-row-1 fusion-flex-container nonhundred-percent-fullwidth non-hundred-percent-height-scrolling\" style=\"--awb-border-radius-top-left:0px;--awb-border-radius-top-right:0px;--awb-border-radius-bottom-right:0px;--awb-border-radius-bottom-left:0px;--awb-margin-top:1%;--awb-margin-bottom:1%;--awb-background-color:#ffffff;--awb-flex-wrap:wrap;\" ><div class=\"fusion-builder-row fusion-row fusion-flex-align-items-flex-start fusion-flex-justify-content-center fusion-flex-content-wrap\" style=\"max-width:1248px;margin-left: calc(-4% \/ 2 );margin-right: calc(-4% \/ 2 );\"><div class=\"fusion-layout-column fusion_builder_column fusion-builder-column-0 fusion_builder_column_1_1 1_1 fusion-flex-column\" style=\"--awb-bg-size:cover;--awb-width-large:100%;--awb-margin-top-large:0px;--awb-spacing-right-large:1.92%;--awb-margin-bottom-large:20px;--awb-spacing-left-large:1.92%;--awb-width-medium:100%;--awb-order-medium:0;--awb-spacing-right-medium:1.92%;--awb-spacing-left-medium:1.92%;--awb-width-small:100%;--awb-order-small:0;--awb-spacing-right-small:1.92%;--awb-spacing-left-small:1.92%;\"><div class=\"fusion-column-wrapper fusion-column-has-shadow fusion-flex-justify-content-flex-start fusion-content-layout-column\"><\/div><\/div><div class=\"fusion-layout-column fusion_builder_column fusion-builder-column-1 fusion_builder_column_1_1 1_1 fusion-flex-column\" style=\"--awb-bg-size:cover;--awb-width-large:100%;--awb-margin-top-large:0px;--awb-spacing-right-large:1.92%;--awb-margin-bottom-large:20px;--awb-spacing-left-large:1.92%;--awb-width-medium:100%;--awb-order-medium:0;--awb-spacing-right-medium:1.92%;--awb-spacing-left-medium:1.92%;--awb-width-small:100%;--awb-order-small:0;--awb-spacing-right-small:1.92%;--awb-spacing-left-small:1.92%;\"><div class=\"fusion-column-wrapper fusion-column-has-shadow fusion-flex-justify-content-flex-start fusion-content-layout-column\"><div class=\"fusion-text fusion-text-1\"><h1 style=\"text-align: center; color: #000000; font-family: mojito, sans-serif; font-size: 50px;\">\u00c0 propos de Cultures<\/h1>\n<\/div><div class=\"fusion-text fusion-text-2\" style=\"--awb-line-height:1.5;--awb-text-color:#000000;\"><p style=\"text-align: center;\">Nous croyons qu\u2019il faut servir des aliments qui contribuent \u00e0 votre bien-\u00eatre, c\u2019est pourquoi notre menu s\u2019inspire d\u2019aliments et d\u2019ingr\u00e9dients nutritifs. Nous sommes fiers de proposer un menu ax\u00e9 sur la nutrition, comprenant plusieurs choix v\u00e9g\u00e9taliens et v\u00e9g\u00e9tariens. Qu\u2019il s\u2019agisse de sandwichs gourmets, de bols chauds \u00e0 base de grains, de salades consistantes ou autres, nos repas sont pr\u00e9par\u00e9s sur place chaque jour, afin que vous puissiez vous sentir bien dans votre assiette.<\/p>\n<\/div><\/div><\/div><\/div><\/div>\n","protected":false},"excerpt":{"rendered":"","protected":false},"author":1,"featured_media":0,"parent":0,"menu_order":0,"comment_status":"closed","ping_status":"closed","template":"","meta":{"_acf_changed":false,"footnotes":""},"class_list":["post-3181","page","type-page","status-publish","hentry"],"acf":[],"_links":{"self":[{"href":"https:\/\/cultures-restaurants.com\/fr\/wp-json\/wp\/v2\/pages\/3181","targetHints":{"allow":["GET"]}}],"collection":[{"href":"https:\/\/cultures-restaurants.com\/fr\/wp-json\/wp\/v2\/pages"}],"about":[{"href":"https:\/\/cultures-restaurants.com\/fr\/wp-json\/wp\/v2\/types\/page"}],"author":[{"embeddable":true,"href":"https:\/\/cultures-restaurants.com\/fr\/wp-json\/wp\/v2\/users\/1"}],"replies":[{"embeddable":true,"href":"https:\/\/cultures-restaurants.com\/fr\/wp-json\/wp\/v2\/comments?post=3181"}],"version-history":[{"count":5,"href":"https:\/\/cultures-restaurants.com\/fr\/wp-json\/wp\/v2\/pages\/3181\/revisions"}],"predecessor-version":[{"id":3841,"href":"https:\/\/cultures-restaurants.com\/fr\/wp-json\/wp\/v2\/pages\/3181\/revisions\/3841"}],"wp:attachment":[{"href":"https:\/\/cultures-restaurants.com\/fr\/wp-json\/wp\/v2\/media?parent=3181"}],"curies":[{"name":"wp","href":"https:\/\/api.w.org\/{rel}","templated":true}]}}