


{"id":3730,"date":"2022-06-14T13:36:25","date_gmt":"2022-06-14T13:36:25","guid":{"rendered":"https:\/\/cultures-restaurants.com\/salades-de-specialite-gourmandes\/"},"modified":"2023-06-19T20:56:16","modified_gmt":"2023-06-19T20:56:16","slug":"salades-de-specialite-gourmandes","status":"publish","type":"page","link":"https:\/\/cultures-restaurants.com\/fr\/salades-de-specialite-gourmandes\/","title":{"rendered":"Salades de sp\u00e9cialit\u00e9 gourmandes"},"content":{"rendered":"<p><div class=\"fusion-fullwidth fullwidth-box fusion-builder-row-1 fusion-flex-container nonhundred-percent-fullwidth non-hundred-percent-height-scrolling\" style=\"--awb-border-radius-top-left:0px;--awb-border-radius-top-right:0px;--awb-border-radius-bottom-right:0px;--awb-border-radius-bottom-left:0px;--awb-flex-wrap:wrap;\" ><div class=\"fusion-builder-row fusion-row fusion-flex-align-items-flex-start fusion-flex-justify-content-center fusion-flex-content-wrap\" style=\"max-width:1248px;margin-left: calc(-4% \/ 2 );margin-right: calc(-4% \/ 2 );\"><div class=\"fusion-layout-column fusion_builder_column fusion-builder-column-0 fusion_builder_column_1_1 1_1 fusion-flex-column\" style=\"--awb-bg-size:cover;--awb-width-large:100%;--awb-margin-top-large:0px;--awb-spacing-right-large:1.92%;--awb-margin-bottom-large:20px;--awb-spacing-left-large:1.92%;--awb-width-medium:100%;--awb-order-medium:0;--awb-spacing-right-medium:1.92%;--awb-spacing-left-medium:1.92%;--awb-width-small:100%;--awb-order-small:0;--awb-spacing-right-small:1.92%;--awb-spacing-left-small:1.92%;\"><div class=\"fusion-column-wrapper fusion-column-has-shadow fusion-flex-justify-content-flex-start fusion-content-layout-column\"><div class=\"fusion-text fusion-text-1\"><h1 style=\"text-align: center; color: #000000; font-family: mojito, sans-serif; font-size: 50px;\">Salades<\/h1>\n<\/div><div class=\"fusion-text fusion-text-2\" style=\"--awb-line-height:1.5;--awb-text-color:#000000;\"><p style=\"text-align: center;\">D\u00e9bordantes d\u2019ingr\u00e9dients frais et copieuses, nos salades se m\u00e9ritent le titre de \u00ab gourmandes \u00bb pour une bonne raison.<\/p>\n<p style=\"text-align: center;\"><em>Astuce de pro : Substituez la vinaigrette par une vinaigrette v\u00e9g\u00e9talienne comme la vinaigrette asiatique au s\u00e9same ou la vinaigrette aux graines de pavot.<\/em><\/p>\n<\/div><div class=\"fusion-text fusion-text-3\"><p>Choix de : Poulet ajouter 80 cal \/ tempeh ajouter 150 cal \/ bouch\u00e9es de quinoa ajouter 190 cal<\/p>\n<\/div><\/div><\/div><\/div><\/div><div class=\"fusion-fullwidth fullwidth-box fusion-builder-row-2 fusion-flex-container nonhundred-percent-fullwidth non-hundred-percent-height-scrolling\" style=\"--awb-border-radius-top-left:0px;--awb-border-radius-top-right:0px;--awb-border-radius-bottom-right:0px;--awb-border-radius-bottom-left:0px;--awb-flex-wrap:wrap;\" ><div class=\"fusion-builder-row fusion-row fusion-flex-align-items-flex-start fusion-flex-content-wrap\" style=\"max-width:1248px;margin-left: calc(-4% \/ 2 );margin-right: calc(-4% \/ 2 );\"><div class=\"fusion-layout-column fusion_builder_column fusion-builder-column-1 fusion_builder_column_1_3 1_3 fusion-flex-column\" style=\"--awb-bg-size:cover;--awb-width-large:33.333333333333%;--awb-margin-top-large:0px;--awb-spacing-right-large:5.76%;--awb-margin-bottom-large:20px;--awb-spacing-left-large:5.76%;--awb-width-medium:100%;--awb-order-medium:0;--awb-spacing-right-medium:1.92%;--awb-spacing-left-medium:1.92%;--awb-width-small:100%;--awb-order-small:0;--awb-spacing-right-small:1.92%;--awb-spacing-left-small:1.92%;\"><div class=\"fusion-column-wrapper fusion-column-has-shadow fusion-flex-justify-content-flex-start fusion-content-layout-column\"><div class=\"fusion-image-element \" style=\"--awb-caption-title-font-family:var(--h2_typography-font-family);--awb-caption-title-font-weight:var(--h2_typography-font-weight);--awb-caption-title-font-style:var(--h2_typography-font-style);--awb-caption-title-size:var(--h2_typography-font-size);--awb-caption-title-transform:var(--h2_typography-text-transform);--awb-caption-title-line-height:var(--h2_typography-line-height);--awb-caption-title-letter-spacing:var(--h2_typography-letter-spacing);\"><span class=\" fusion-imageframe imageframe-none imageframe-1 hover-type-none\"><img fetchpriority=\"high\" fetchpriority=\"high\" decoding=\"async\" width=\"1000\" height=\"1000\" title=\"oriental-mango-bowl from cultures\" src=\"https:\/\/cultures-restaurants.com\/wp-content\/uploads\/2022\/06\/oriental-mango-bowl-from-cultures.webp\" alt class=\"img-responsive wp-image-2943\" srcset=\"https:\/\/cultures-restaurants.com\/wp-content\/uploads\/2022\/06\/oriental-mango-bowl-from-cultures-200x200.webp 200w, https:\/\/cultures-restaurants.com\/wp-content\/uploads\/2022\/06\/oriental-mango-bowl-from-cultures-400x400.webp 400w, https:\/\/cultures-restaurants.com\/wp-content\/uploads\/2022\/06\/oriental-mango-bowl-from-cultures-600x600.webp 600w, https:\/\/cultures-restaurants.com\/wp-content\/uploads\/2022\/06\/oriental-mango-bowl-from-cultures-800x800.webp 800w, https:\/\/cultures-restaurants.com\/wp-content\/uploads\/2022\/06\/oriental-mango-bowl-from-cultures.webp 1000w\" sizes=\"(max-width: 800px) 100vw, (max-width: 640px) 100vw, 400px\" \/><\/span><\/div><div class=\"fusion-text fusion-text-4\" style=\"--awb-font-size:14px;--awb-line-height:1.5;--awb-text-color:#000000;\"><div class=\"summary-title\">\n<h4>mangue oriental<\/h4>\n<p>amande, edamame, mangue, chou rouge, poivron rouge, carotte r\u00e2p\u00e9e, m\u00e9lange printanier, vinaigrette asiatique au s\u00e9same.<\/p>\n<p><strong>370 Cal<br \/>\n<\/strong><\/p>\n<\/div>\n<\/div><\/div><\/div><div class=\"fusion-layout-column fusion_builder_column fusion-builder-column-2 fusion_builder_column_1_3 1_3 fusion-flex-column\" style=\"--awb-bg-size:cover;--awb-width-large:33.333333333333%;--awb-margin-top-large:0px;--awb-spacing-right-large:5.76%;--awb-margin-bottom-large:20px;--awb-spacing-left-large:5.76%;--awb-width-medium:100%;--awb-order-medium:0;--awb-spacing-right-medium:1.92%;--awb-spacing-left-medium:1.92%;--awb-width-small:100%;--awb-order-small:0;--awb-spacing-right-small:1.92%;--awb-spacing-left-small:1.92%;\"><div class=\"fusion-column-wrapper fusion-column-has-shadow fusion-flex-justify-content-flex-start fusion-content-layout-column\"><div class=\"fusion-image-element \" style=\"--awb-caption-title-font-family:var(--h2_typography-font-family);--awb-caption-title-font-weight:var(--h2_typography-font-weight);--awb-caption-title-font-style:var(--h2_typography-font-style);--awb-caption-title-size:var(--h2_typography-font-size);--awb-caption-title-transform:var(--h2_typography-text-transform);--awb-caption-title-line-height:var(--h2_typography-line-height);--awb-caption-title-letter-spacing:var(--h2_typography-letter-spacing);\"><span class=\" fusion-imageframe imageframe-none imageframe-2 hover-type-none\"><img decoding=\"async\" width=\"1000\" height=\"1000\" title=\"super-greek-bowl-from-cultures\" src=\"https:\/\/cultures-restaurants.com\/wp-content\/uploads\/2022\/06\/super-greek-bowl-from-cultures.webp\" alt class=\"img-responsive wp-image-2945\" srcset=\"https:\/\/cultures-restaurants.com\/wp-content\/uploads\/2022\/06\/super-greek-bowl-from-cultures-200x200.webp 200w, https:\/\/cultures-restaurants.com\/wp-content\/uploads\/2022\/06\/super-greek-bowl-from-cultures-400x400.webp 400w, https:\/\/cultures-restaurants.com\/wp-content\/uploads\/2022\/06\/super-greek-bowl-from-cultures-600x600.webp 600w, https:\/\/cultures-restaurants.com\/wp-content\/uploads\/2022\/06\/super-greek-bowl-from-cultures-800x800.webp 800w, https:\/\/cultures-restaurants.com\/wp-content\/uploads\/2022\/06\/super-greek-bowl-from-cultures.webp 1000w\" sizes=\"(max-width: 800px) 100vw, (max-width: 640px) 100vw, 400px\" \/><\/span><\/div><div class=\"fusion-text fusion-text-5\" style=\"--awb-font-size:14px;--awb-line-height:1.5;--awb-text-color:#000000;\"><div class=\"summary-title\">\n<h4>super grecque<\/h4>\n<p>fromage f\u00e9ta, olive noire, tomate cerise, pois chiche, concombre, quinoa, m\u00e9lange printanier, vinaigrette f\u00e9ta grecque.<\/p>\n<p><strong>370 Cal<br \/>\n<\/strong><\/p>\n<\/div>\n<\/div><\/div><\/div><div class=\"fusion-layout-column fusion_builder_column fusion-builder-column-3 fusion_builder_column_1_3 1_3 fusion-flex-column\" style=\"--awb-bg-size:cover;--awb-width-large:33.333333333333%;--awb-margin-top-large:0px;--awb-spacing-right-large:5.76%;--awb-margin-bottom-large:20px;--awb-spacing-left-large:5.76%;--awb-width-medium:100%;--awb-order-medium:0;--awb-spacing-right-medium:1.92%;--awb-spacing-left-medium:1.92%;--awb-width-small:100%;--awb-order-small:0;--awb-spacing-right-small:1.92%;--awb-spacing-left-small:1.92%;\"><div class=\"fusion-column-wrapper fusion-column-has-shadow fusion-flex-justify-content-flex-start fusion-content-layout-column\"><div class=\"fusion-image-element \" style=\"--awb-caption-title-font-family:var(--h2_typography-font-family);--awb-caption-title-font-weight:var(--h2_typography-font-weight);--awb-caption-title-font-style:var(--h2_typography-font-style);--awb-caption-title-size:var(--h2_typography-font-size);--awb-caption-title-transform:var(--h2_typography-text-transform);--awb-caption-title-line-height:var(--h2_typography-line-height);--awb-caption-title-letter-spacing:var(--h2_typography-letter-spacing);\"><span class=\" fusion-imageframe imageframe-none imageframe-3 hover-type-none\"><img decoding=\"async\" width=\"750\" height=\"750\" title=\"california cobb bowl\" src=\"https:\/\/cultures-restaurants.com\/wp-content\/uploads\/2022\/06\/california-cobb-bowl.jpg\" alt class=\"img-responsive wp-image-2914\" srcset=\"https:\/\/cultures-restaurants.com\/wp-content\/uploads\/2022\/06\/california-cobb-bowl-200x200.jpg 200w, https:\/\/cultures-restaurants.com\/wp-content\/uploads\/2022\/06\/california-cobb-bowl-400x400.jpg 400w, https:\/\/cultures-restaurants.com\/wp-content\/uploads\/2022\/06\/california-cobb-bowl-600x600.jpg 600w, https:\/\/cultures-restaurants.com\/wp-content\/uploads\/2022\/06\/california-cobb-bowl.jpg 750w\" sizes=\"(max-width: 800px) 100vw, (max-width: 640px) 100vw, 400px\" \/><\/span><\/div><div class=\"fusion-text fusion-text-6\" style=\"--awb-font-size:14px;--awb-line-height:1.5;--awb-text-color:#000000;\"><div class=\"summary-title\">\n<h4>cobb californie<\/h4>\n<p>\u0153uf, bacon, avocat, tomate cerise, carotte r\u00e2p\u00e9e, laitue romaine, vinaigrette miel et Dijon.<\/p>\n<p><strong>350 Cal<br \/>\n<\/strong><\/p>\n<\/div>\n<\/div><\/div><\/div><div class=\"fusion-layout-column fusion_builder_column fusion-builder-column-4 fusion_builder_column_1_1 1_1 fusion-flex-column\" style=\"--awb-bg-size:cover;--awb-width-large:100%;--awb-margin-top-large:0px;--awb-spacing-right-large:1.92%;--awb-margin-bottom-large:20px;--awb-spacing-left-large:1.92%;--awb-width-medium:100%;--awb-order-medium:0;--awb-spacing-right-medium:1.92%;--awb-spacing-left-medium:1.92%;--awb-width-small:100%;--awb-order-small:0;--awb-spacing-right-small:1.92%;--awb-spacing-left-small:1.92%;\"><div class=\"fusion-column-wrapper fusion-column-has-shadow fusion-flex-justify-content-flex-start fusion-content-layout-column\"><div style=\"text-align:center;\"><a class=\"fusion-button button-flat fusion-button-default-size button-custom fusion-button-default button-1 fusion-button-default-span fusion-button-default-type\" style=\"--awb-margin-bottom:2%;--awb-padding-top:18px;--awb-padding-bottom:18px;--button_accent_color:#ffffff;--button_border_color:#ffffff;--button_accent_hover_color:var(--awb-color1);--button_border_hover_color:var(--awb-color1);--button_gradient_top_color:#aeba12;--button_gradient_bottom_color:#aeba12;--button_gradient_top_color_hover:#bac613;--button_gradient_bottom_color_hover:#bac613;\" target=\"_self\" href=\"https:\/\/cultures-restaurants.com\/fr\/menu\/\"><span class=\"fusion-button-text awb-button__text awb-button__text--default\">RETOUR AU MENU COMPLET<\/span><\/a><\/div><div style=\"text-align:center;\"><a class=\"fusion-button button-flat fusion-button-default-size button-custom fusion-button-default button-2 fusion-button-default-span fusion-button-default-type\" style=\"--button_accent_color:#ffffff;--button_border_color:#ffffff;--button_accent_hover_color:var(--awb-color1);--button_border_hover_color:var(--awb-color1);--button_gradient_top_color:#000000;--button_gradient_bottom_color:#000000;--button_gradient_top_color_hover:#444444;--button_gradient_bottom_color_hover:#444444;\" target=\"_self\" href=\"https:\/\/cultures-restaurants.com\/wp-content\/uploads\/2022\/06\/Cultures_Nutritional_Info_MenuUpdate2019_EN.pdf\"><span class=\"fusion-button-text awb-button__text awb-button__text--default\">informations nutritionnelles<\/span><\/a><\/div><\/div><\/div><\/div><\/div><\/p>\n","protected":false},"excerpt":{"rendered":"","protected":false},"author":1,"featured_media":0,"parent":0,"menu_order":0,"comment_status":"closed","ping_status":"closed","template":"","meta":{"_acf_changed":false,"footnotes":""},"class_list":["post-3730","page","type-page","status-publish","hentry"],"acf":[],"_links":{"self":[{"href":"https:\/\/cultures-restaurants.com\/fr\/wp-json\/wp\/v2\/pages\/3730","targetHints":{"allow":["GET"]}}],"collection":[{"href":"https:\/\/cultures-restaurants.com\/fr\/wp-json\/wp\/v2\/pages"}],"about":[{"href":"https:\/\/cultures-restaurants.com\/fr\/wp-json\/wp\/v2\/types\/page"}],"author":[{"embeddable":true,"href":"https:\/\/cultures-restaurants.com\/fr\/wp-json\/wp\/v2\/users\/1"}],"replies":[{"embeddable":true,"href":"https:\/\/cultures-restaurants.com\/fr\/wp-json\/wp\/v2\/comments?post=3730"}],"version-history":[{"count":6,"href":"https:\/\/cultures-restaurants.com\/fr\/wp-json\/wp\/v2\/pages\/3730\/revisions"}],"predecessor-version":[{"id":8348,"href":"https:\/\/cultures-restaurants.com\/fr\/wp-json\/wp\/v2\/pages\/3730\/revisions\/8348"}],"wp:attachment":[{"href":"https:\/\/cultures-restaurants.com\/fr\/wp-json\/wp\/v2\/media?parent=3730"}],"curies":[{"name":"wp","href":"https:\/\/api.w.org\/{rel}","templated":true}]}}