


{"id":3736,"date":"2022-06-14T13:53:04","date_gmt":"2022-06-14T13:53:04","guid":{"rendered":"https:\/\/cultures-restaurants.com\/sandwichs\/"},"modified":"2023-06-19T20:52:27","modified_gmt":"2023-06-19T20:52:27","slug":"sandwichs","status":"publish","type":"page","link":"https:\/\/cultures-restaurants.com\/fr\/sandwichs\/","title":{"rendered":"Sandwichs"},"content":{"rendered":"<p><div class=\"fusion-fullwidth fullwidth-box fusion-builder-row-1 fusion-flex-container nonhundred-percent-fullwidth non-hundred-percent-height-scrolling\" style=\"--awb-border-radius-top-left:0px;--awb-border-radius-top-right:0px;--awb-border-radius-bottom-right:0px;--awb-border-radius-bottom-left:0px;--awb-flex-wrap:wrap;\" ><div class=\"fusion-builder-row fusion-row fusion-flex-align-items-flex-start fusion-flex-justify-content-center fusion-flex-content-wrap\" style=\"max-width:1248px;margin-left: calc(-4% \/ 2 );margin-right: calc(-4% \/ 2 );\"><div class=\"fusion-layout-column fusion_builder_column fusion-builder-column-0 fusion_builder_column_1_1 1_1 fusion-flex-column\" style=\"--awb-bg-size:cover;--awb-width-large:100%;--awb-margin-top-large:0px;--awb-spacing-right-large:1.92%;--awb-margin-bottom-large:20px;--awb-spacing-left-large:1.92%;--awb-width-medium:100%;--awb-order-medium:0;--awb-spacing-right-medium:1.92%;--awb-spacing-left-medium:1.92%;--awb-width-small:100%;--awb-order-small:0;--awb-spacing-right-small:1.92%;--awb-spacing-left-small:1.92%;\"><div class=\"fusion-column-wrapper fusion-column-has-shadow fusion-flex-justify-content-flex-start fusion-content-layout-column\"><div class=\"fusion-text fusion-text-1\"><h1 style=\"text-align: center; color: #000000; font-family: mojito, sans-serif; font-size: 50px;\">Sandwichs Cultures<\/h1>\n<\/div><div class=\"fusion-text fusion-text-2\" style=\"--awb-line-height:1.5;--awb-text-color:#000000;\"><p style=\"text-align: center;\">Vous avez envie d\u2019un repas consistant? Nos sandwichs et nos roul\u00e9s gourmets sont la solution. Servis dans un pain ciabatta artisanal, dans une tortilla roul\u00e9e ou entre deux tranches de pain au quinoa et aux graines de lin Transformez n\u2019importe quel sandwich en combo en optant pour un accompagnement de votre choix avec une bouteille d\u2019eau.<\/p>\n<\/div><\/div><\/div><\/div><\/div><div class=\"fusion-fullwidth fullwidth-box fusion-builder-row-2 fusion-flex-container nonhundred-percent-fullwidth non-hundred-percent-height-scrolling\" style=\"--awb-border-radius-top-left:0px;--awb-border-radius-top-right:0px;--awb-border-radius-bottom-right:0px;--awb-border-radius-bottom-left:0px;--awb-flex-wrap:wrap;\" ><div class=\"fusion-builder-row fusion-row fusion-flex-align-items-flex-start fusion-flex-content-wrap\" style=\"max-width:1248px;margin-left: calc(-4% \/ 2 );margin-right: calc(-4% \/ 2 );\"><div class=\"fusion-layout-column fusion_builder_column fusion-builder-column-1 fusion_builder_column_1_4 1_4 fusion-flex-column\" style=\"--awb-bg-size:cover;--awb-width-large:25%;--awb-margin-top-large:0px;--awb-spacing-right-large:7.68%;--awb-margin-bottom-large:20px;--awb-spacing-left-large:7.68%;--awb-width-medium:100%;--awb-order-medium:0;--awb-spacing-right-medium:1.92%;--awb-spacing-left-medium:1.92%;--awb-width-small:100%;--awb-order-small:0;--awb-spacing-right-small:1.92%;--awb-spacing-left-small:1.92%;\"><div class=\"fusion-column-wrapper fusion-column-has-shadow fusion-flex-justify-content-flex-start fusion-content-layout-column\"><div class=\"fusion-image-element \" style=\"--awb-caption-title-font-family:var(--h2_typography-font-family);--awb-caption-title-font-weight:var(--h2_typography-font-weight);--awb-caption-title-font-style:var(--h2_typography-font-style);--awb-caption-title-size:var(--h2_typography-font-size);--awb-caption-title-transform:var(--h2_typography-text-transform);--awb-caption-title-line-height:var(--h2_typography-line-height);--awb-caption-title-letter-spacing:var(--h2_typography-letter-spacing);\"><span class=\" fusion-imageframe imageframe-none imageframe-1 hover-type-none\"><img fetchpriority=\"high\" fetchpriority=\"high\" decoding=\"async\" width=\"500\" height=\"297\" title=\"turky-and-brie-sandwich from cultures\" src=\"https:\/\/cultures-restaurants.com\/wp-content\/uploads\/2022\/06\/turky-and-brie-sandwich-from-cultures.webp\" alt class=\"img-responsive wp-image-2946\" srcset=\"https:\/\/cultures-restaurants.com\/wp-content\/uploads\/2022\/06\/turky-and-brie-sandwich-from-cultures-200x119.webp 200w, https:\/\/cultures-restaurants.com\/wp-content\/uploads\/2022\/06\/turky-and-brie-sandwich-from-cultures-400x238.webp 400w, https:\/\/cultures-restaurants.com\/wp-content\/uploads\/2022\/06\/turky-and-brie-sandwich-from-cultures.webp 500w\" sizes=\"(max-width: 800px) 100vw, (max-width: 640px) 100vw, 400px\" \/><\/span><\/div><div class=\"fusion-text fusion-text-3\" style=\"--awb-font-size:14px;--awb-line-height:1.5;--awb-text-color:#000000;\"><div class=\"summary-title\">\n<h4>dinde + brie<\/h4>\n<p><strong>dinde<\/strong>, fromage brie, pomme verte, laitue, mayonnaise a la canneberge.<\/p>\n<p>sandwich seulement 8,39<\/p>\n<p><strong>420-510 Cals De 420 \u00e0 510 cal<\/strong><\/p>\n<\/div>\n<\/div><\/div><\/div><div class=\"fusion-layout-column fusion_builder_column fusion-builder-column-2 fusion_builder_column_1_4 1_4 fusion-flex-column\" style=\"--awb-bg-size:cover;--awb-width-large:25%;--awb-margin-top-large:0px;--awb-spacing-right-large:7.68%;--awb-margin-bottom-large:20px;--awb-spacing-left-large:7.68%;--awb-width-medium:100%;--awb-order-medium:0;--awb-spacing-right-medium:1.92%;--awb-spacing-left-medium:1.92%;--awb-width-small:100%;--awb-order-small:0;--awb-spacing-right-small:1.92%;--awb-spacing-left-small:1.92%;\"><div class=\"fusion-column-wrapper fusion-column-has-shadow fusion-flex-justify-content-flex-start fusion-content-layout-column\"><div class=\"fusion-image-element \" style=\"--awb-caption-title-font-family:var(--h2_typography-font-family);--awb-caption-title-font-weight:var(--h2_typography-font-weight);--awb-caption-title-font-style:var(--h2_typography-font-style);--awb-caption-title-size:var(--h2_typography-font-size);--awb-caption-title-transform:var(--h2_typography-text-transform);--awb-caption-title-line-height:var(--h2_typography-line-height);--awb-caption-title-letter-spacing:var(--h2_typography-letter-spacing);\"><span class=\" fusion-imageframe imageframe-none imageframe-2 hover-type-none\"><img decoding=\"async\" width=\"750\" height=\"445\" title=\"chicken and avocado\" src=\"https:\/\/cultures-restaurants.com\/wp-content\/uploads\/2022\/06\/chicken-and-avocado.png\" alt class=\"img-responsive wp-image-2917\" srcset=\"https:\/\/cultures-restaurants.com\/wp-content\/uploads\/2022\/06\/chicken-and-avocado-200x119.png 200w, https:\/\/cultures-restaurants.com\/wp-content\/uploads\/2022\/06\/chicken-and-avocado-400x237.png 400w, https:\/\/cultures-restaurants.com\/wp-content\/uploads\/2022\/06\/chicken-and-avocado-600x356.png 600w, https:\/\/cultures-restaurants.com\/wp-content\/uploads\/2022\/06\/chicken-and-avocado.png 750w\" sizes=\"(max-width: 800px) 100vw, (max-width: 640px) 100vw, 400px\" \/><\/span><\/div><div class=\"fusion-text fusion-text-4\" style=\"--awb-font-size:14px;--awb-line-height:1.5;--awb-text-color:#000000;\"><div class=\"summary-title\">\n<h4>poulet + avocat<\/h4>\n<p><strong>poitrine de poulet grill\u00e9e<\/strong>, fromage suisse, avocat, laitue, tomate, a\u00efoli au piment -jalape\u00f1o et a la lime.<\/p>\n<p>sandwich seulement 8,39<\/p>\n<p><strong>De 490 \u00e0 590 cal<\/strong><\/p>\n<\/div>\n<\/div><\/div><\/div><div class=\"fusion-layout-column fusion_builder_column fusion-builder-column-3 fusion_builder_column_1_4 1_4 fusion-flex-column\" style=\"--awb-bg-size:cover;--awb-width-large:25%;--awb-margin-top-large:0px;--awb-spacing-right-large:7.68%;--awb-margin-bottom-large:20px;--awb-spacing-left-large:7.68%;--awb-width-medium:100%;--awb-order-medium:0;--awb-spacing-right-medium:1.92%;--awb-spacing-left-medium:1.92%;--awb-width-small:100%;--awb-order-small:0;--awb-spacing-right-small:1.92%;--awb-spacing-left-small:1.92%;\"><div class=\"fusion-column-wrapper fusion-column-has-shadow fusion-flex-justify-content-flex-start fusion-content-layout-column\"><div class=\"fusion-image-element \" style=\"--awb-caption-title-font-family:var(--h2_typography-font-family);--awb-caption-title-font-weight:var(--h2_typography-font-weight);--awb-caption-title-font-style:var(--h2_typography-font-style);--awb-caption-title-size:var(--h2_typography-font-size);--awb-caption-title-transform:var(--h2_typography-text-transform);--awb-caption-title-line-height:var(--h2_typography-line-height);--awb-caption-title-letter-spacing:var(--h2_typography-letter-spacing);\"><span class=\" fusion-imageframe imageframe-none imageframe-3 hover-type-none\"><img decoding=\"async\" width=\"750\" height=\"445\" title=\"chicken and hummus sandwich\" src=\"https:\/\/cultures-restaurants.com\/wp-content\/uploads\/2022\/06\/chicken-and-hummus-sandwich.png\" alt class=\"img-responsive wp-image-2918\" srcset=\"https:\/\/cultures-restaurants.com\/wp-content\/uploads\/2022\/06\/chicken-and-hummus-sandwich-200x119.png 200w, https:\/\/cultures-restaurants.com\/wp-content\/uploads\/2022\/06\/chicken-and-hummus-sandwich-400x237.png 400w, https:\/\/cultures-restaurants.com\/wp-content\/uploads\/2022\/06\/chicken-and-hummus-sandwich-600x356.png 600w, https:\/\/cultures-restaurants.com\/wp-content\/uploads\/2022\/06\/chicken-and-hummus-sandwich.png 750w\" sizes=\"(max-width: 800px) 100vw, (max-width: 640px) 100vw, 400px\" \/><\/span><\/div><div class=\"fusion-text fusion-text-5\" style=\"--awb-font-size:14px;--awb-line-height:1.5;--awb-text-color:#000000;\"><div class=\"summary-title\">\n<h4>poulet +\u00a0 hummus<\/h4>\n<p><strong>poitrine de poulet grill\u00e9e<\/strong>, concombre, poivron rouge, tomate, luzerne, hummus au poivron rouge.<\/p>\n<p>sandwich seulement 8,39<\/p>\n<p><strong>De 380 \u00e0 460 cal<\/strong><\/p>\n<\/div>\n<\/div><\/div><\/div><div class=\"fusion-layout-column fusion_builder_column fusion-builder-column-4 fusion_builder_column_1_4 1_4 fusion-flex-column\" style=\"--awb-bg-size:cover;--awb-width-large:25%;--awb-margin-top-large:0px;--awb-spacing-right-large:7.68%;--awb-margin-bottom-large:20px;--awb-spacing-left-large:7.68%;--awb-width-medium:100%;--awb-order-medium:0;--awb-spacing-right-medium:1.92%;--awb-spacing-left-medium:1.92%;--awb-width-small:100%;--awb-order-small:0;--awb-spacing-right-small:1.92%;--awb-spacing-left-small:1.92%;\"><div class=\"fusion-column-wrapper fusion-column-has-shadow fusion-flex-justify-content-flex-start fusion-content-layout-column\"><div class=\"fusion-image-element \" style=\"--awb-caption-title-font-family:var(--h2_typography-font-family);--awb-caption-title-font-weight:var(--h2_typography-font-weight);--awb-caption-title-font-style:var(--h2_typography-font-style);--awb-caption-title-size:var(--h2_typography-font-size);--awb-caption-title-transform:var(--h2_typography-text-transform);--awb-caption-title-line-height:var(--h2_typography-line-height);--awb-caption-title-letter-spacing:var(--h2_typography-letter-spacing);\"><span class=\" fusion-imageframe imageframe-none imageframe-4 hover-type-none\"><img loading=\"lazy\" loading=\"lazy\" decoding=\"async\" width=\"500\" height=\"297\" title=\"chicken-and-goat-cheese-sandwich\" src=\"https:\/\/cultures-restaurants.com\/wp-content\/uploads\/2022\/06\/chicken-and-goat-cheese-sandwich.webp\" alt class=\"img-responsive wp-image-2949\" srcset=\"https:\/\/cultures-restaurants.com\/wp-content\/uploads\/2022\/06\/chicken-and-goat-cheese-sandwich-200x119.webp 200w, https:\/\/cultures-restaurants.com\/wp-content\/uploads\/2022\/06\/chicken-and-goat-cheese-sandwich-400x238.webp 400w, https:\/\/cultures-restaurants.com\/wp-content\/uploads\/2022\/06\/chicken-and-goat-cheese-sandwich.webp 500w\" sizes=\"auto, (max-width: 800px) 100vw, (max-width: 640px) 100vw, 400px\" \/><\/span><\/div><div class=\"fusion-text fusion-text-6\" style=\"--awb-font-size:14px;--awb-line-height:1.5;--awb-text-color:#000000;\"><div class=\"summary-title\">\n<h4>poulet + formage de ch\u00e8vre<\/h4>\n<p><strong>poitrine de poulet grill\u00e9e<\/strong>, fromage de ch\u00e8vre, poivron r\u00f4ti, pesto.<\/p>\n<p>sandwich seulement 8,39<\/p>\n<p><strong>De 430 \u00e0 520 cal<\/strong><\/p>\n<\/div>\n<\/div><\/div><\/div><div class=\"fusion-layout-column fusion_builder_column fusion-builder-column-5 fusion_builder_column_1_4 1_4 fusion-flex-column\" style=\"--awb-bg-size:cover;--awb-width-large:25%;--awb-margin-top-large:0px;--awb-spacing-right-large:7.68%;--awb-margin-bottom-large:20px;--awb-spacing-left-large:7.68%;--awb-width-medium:100%;--awb-order-medium:0;--awb-spacing-right-medium:1.92%;--awb-spacing-left-medium:1.92%;--awb-width-small:100%;--awb-order-small:0;--awb-spacing-right-small:1.92%;--awb-spacing-left-small:1.92%;\"><div class=\"fusion-column-wrapper fusion-column-has-shadow fusion-flex-justify-content-flex-start fusion-content-layout-column\"><div class=\"fusion-image-element \" style=\"--awb-caption-title-font-family:var(--h2_typography-font-family);--awb-caption-title-font-weight:var(--h2_typography-font-weight);--awb-caption-title-font-style:var(--h2_typography-font-style);--awb-caption-title-size:var(--h2_typography-font-size);--awb-caption-title-transform:var(--h2_typography-text-transform);--awb-caption-title-line-height:var(--h2_typography-line-height);--awb-caption-title-letter-spacing:var(--h2_typography-letter-spacing);\"><span class=\" fusion-imageframe imageframe-none imageframe-5 hover-type-none\"><img loading=\"lazy\" loading=\"lazy\" decoding=\"async\" width=\"1000\" height=\"689\" title=\"power-plant-burito-from-culturesV2\" src=\"https:\/\/cultures-restaurants.com\/wp-content\/uploads\/2023\/02\/power-plant-burito-from-culturesV2.png\" alt class=\"img-responsive wp-image-5862\" srcset=\"https:\/\/cultures-restaurants.com\/wp-content\/uploads\/2023\/02\/power-plant-burito-from-culturesV2-200x138.png 200w, https:\/\/cultures-restaurants.com\/wp-content\/uploads\/2023\/02\/power-plant-burito-from-culturesV2-400x276.png 400w, https:\/\/cultures-restaurants.com\/wp-content\/uploads\/2023\/02\/power-plant-burito-from-culturesV2-600x413.png 600w, https:\/\/cultures-restaurants.com\/wp-content\/uploads\/2023\/02\/power-plant-burito-from-culturesV2-800x551.png 800w, https:\/\/cultures-restaurants.com\/wp-content\/uploads\/2023\/02\/power-plant-burito-from-culturesV2.png 1000w\" sizes=\"auto, (max-width: 800px) 100vw, (max-width: 640px) 100vw, 400px\" \/><\/span><\/div><div class=\"fusion-text fusion-text-7\" style=\"--awb-font-size:14px;--awb-line-height:1.5;--awb-text-color:#000000;\"><div class=\"summary-title\">\n<h4>burrito puissance v\u00e9g\u00e9tale<\/h4>\n<p><strong>bouch\u00e9es de quinoa teriyaki<\/strong> ou <strong>tempeh biologique<\/strong>, riz brun + quinoa, coriandre, chou rouge, carotte r\u00e2p\u00e9e, mayo v\u00e9g\u00e9tarienne Sriracha sur un wrap de bl\u00e9 entier<\/p>\n<p>Sandwich seulement 8,39<\/p>\n<p>Bouch\u00e9es de quinoa\/<strong>780 cal<\/strong><br \/>\nTempeh \/ 760 <strong>cal<\/strong><\/p>\n<\/div>\n<\/div><\/div><\/div><div class=\"fusion-layout-column fusion_builder_column fusion-builder-column-6 fusion_builder_column_1_1 1_1 fusion-flex-column\" style=\"--awb-bg-size:cover;--awb-width-large:100%;--awb-margin-top-large:0px;--awb-spacing-right-large:1.92%;--awb-margin-bottom-large:20px;--awb-spacing-left-large:1.92%;--awb-width-medium:100%;--awb-order-medium:0;--awb-spacing-right-medium:1.92%;--awb-spacing-left-medium:1.92%;--awb-width-small:100%;--awb-order-small:0;--awb-spacing-right-small:1.92%;--awb-spacing-left-small:1.92%;\"><div class=\"fusion-column-wrapper fusion-column-has-shadow fusion-flex-justify-content-flex-start fusion-content-layout-column\"><div style=\"text-align:center;\"><a class=\"fusion-button button-flat fusion-button-default-size button-custom fusion-button-default button-1 fusion-button-default-span fusion-button-default-type\" style=\"--awb-margin-bottom:2%;--awb-padding-top:18px;--awb-padding-bottom:18px;--button_accent_color:#ffffff;--button_border_color:#ffffff;--button_accent_hover_color:var(--awb-color1);--button_border_hover_color:var(--awb-color1);--button_gradient_top_color:#aeba12;--button_gradient_bottom_color:#aeba12;--button_gradient_top_color_hover:#bac613;--button_gradient_bottom_color_hover:#bac613;\" target=\"_self\" href=\"https:\/\/cultures-restaurants.com\/fr\/menu\/\"><span class=\"fusion-button-text awb-button__text awb-button__text--default\">RETOUR AU MENU COMPLET<\/span><\/a><\/div><div style=\"text-align:center;\"><a class=\"fusion-button button-flat fusion-button-default-size button-custom fusion-button-default button-2 fusion-button-default-span fusion-button-default-type\" style=\"--button_accent_color:#ffffff;--button_border_color:#ffffff;--button_accent_hover_color:var(--awb-color1);--button_border_hover_color:var(--awb-color1);--button_gradient_top_color:#000000;--button_gradient_bottom_color:#000000;--button_gradient_top_color_hover:#494949;--button_gradient_bottom_color_hover:#494949;\" target=\"_self\" href=\"https:\/\/cultures-restaurants.com\/wp-content\/uploads\/2022\/06\/Cultures_Nutritional_Info_MenuUpdate2019_EN.pdf\"><span class=\"fusion-button-text awb-button__text awb-button__text--default\">informations nutritionnelles<\/span><\/a><\/div><\/div><\/div><\/div><\/div><\/p>\n","protected":false},"excerpt":{"rendered":"","protected":false},"author":1,"featured_media":0,"parent":0,"menu_order":0,"comment_status":"closed","ping_status":"closed","template":"","meta":{"_acf_changed":false,"footnotes":""},"class_list":["post-3736","page","type-page","status-publish","hentry"],"acf":[],"_links":{"self":[{"href":"https:\/\/cultures-restaurants.com\/fr\/wp-json\/wp\/v2\/pages\/3736","targetHints":{"allow":["GET"]}}],"collection":[{"href":"https:\/\/cultures-restaurants.com\/fr\/wp-json\/wp\/v2\/pages"}],"about":[{"href":"https:\/\/cultures-restaurants.com\/fr\/wp-json\/wp\/v2\/types\/page"}],"author":[{"embeddable":true,"href":"https:\/\/cultures-restaurants.com\/fr\/wp-json\/wp\/v2\/users\/1"}],"replies":[{"embeddable":true,"href":"https:\/\/cultures-restaurants.com\/fr\/wp-json\/wp\/v2\/comments?post=3736"}],"version-history":[{"count":5,"href":"https:\/\/cultures-restaurants.com\/fr\/wp-json\/wp\/v2\/pages\/3736\/revisions"}],"predecessor-version":[{"id":8344,"href":"https:\/\/cultures-restaurants.com\/fr\/wp-json\/wp\/v2\/pages\/3736\/revisions\/8344"}],"wp:attachment":[{"href":"https:\/\/cultures-restaurants.com\/fr\/wp-json\/wp\/v2\/media?parent=3736"}],"curies":[{"name":"wp","href":"https:\/\/api.w.org\/{rel}","templated":true}]}}