


{"id":3743,"date":"2022-06-14T14:09:42","date_gmt":"2022-06-14T14:09:42","guid":{"rendered":"https:\/\/cultures-restaurants.com\/des-collations\/"},"modified":"2023-01-20T16:23:02","modified_gmt":"2023-01-20T16:23:02","slug":"des-collations","status":"publish","type":"page","link":"https:\/\/cultures-restaurants.com\/fr\/des-collations\/","title":{"rendered":"Des collations"},"content":{"rendered":"<p><div class=\"fusion-fullwidth fullwidth-box fusion-builder-row-1 fusion-flex-container nonhundred-percent-fullwidth non-hundred-percent-height-scrolling\" style=\"--awb-border-radius-top-left:0px;--awb-border-radius-top-right:0px;--awb-border-radius-bottom-right:0px;--awb-border-radius-bottom-left:0px;--awb-flex-wrap:wrap;\" ><div class=\"fusion-builder-row fusion-row fusion-flex-align-items-flex-start fusion-flex-justify-content-center fusion-flex-content-wrap\" style=\"max-width:1248px;margin-left: calc(-4% \/ 2 );margin-right: calc(-4% \/ 2 );\"><div class=\"fusion-layout-column fusion_builder_column fusion-builder-column-0 fusion_builder_column_1_1 1_1 fusion-flex-column\" style=\"--awb-bg-size:cover;--awb-width-large:100%;--awb-margin-top-large:0px;--awb-spacing-right-large:1.92%;--awb-margin-bottom-large:20px;--awb-spacing-left-large:1.92%;--awb-width-medium:100%;--awb-order-medium:0;--awb-spacing-right-medium:1.92%;--awb-spacing-left-medium:1.92%;--awb-width-small:100%;--awb-order-small:0;--awb-spacing-right-small:1.92%;--awb-spacing-left-small:1.92%;\"><div class=\"fusion-column-wrapper fusion-column-has-shadow fusion-flex-justify-content-flex-start fusion-content-layout-column\"><div class=\"fusion-text fusion-text-1\"><h1 style=\"text-align: center; color: #000000; font-family: mojito, sans-serif; font-size: 50px;\">Des collations<\/h1>\n<\/div><div class=\"fusion-text fusion-text-2\" style=\"--awb-text-color:#000000;\"><p style=\"text-align: center;\">Qu\u2019il s\u2019agisse de combler un creux ou de vous faire plaisir, nos collations sont le compl\u00e9ment id\u00e9al \u00e0 votre journ\u00e9e.<\/p>\n<\/div><\/div><\/div><\/div><\/div><div class=\"fusion-fullwidth fullwidth-box fusion-builder-row-2 fusion-flex-container nonhundred-percent-fullwidth non-hundred-percent-height-scrolling\" style=\"--awb-border-radius-top-left:0px;--awb-border-radius-top-right:0px;--awb-border-radius-bottom-right:0px;--awb-border-radius-bottom-left:0px;--awb-flex-wrap:wrap;\" ><div class=\"fusion-builder-row fusion-row fusion-flex-align-items-flex-start fusion-flex-content-wrap\" style=\"max-width:1248px;margin-left: calc(-4% \/ 2 );margin-right: calc(-4% \/ 2 );\"><div class=\"fusion-layout-column fusion_builder_column fusion-builder-column-1 fusion_builder_column_1_3 1_3 fusion-flex-column\" style=\"--awb-bg-size:cover;--awb-width-large:33.333333333333%;--awb-margin-top-large:0px;--awb-spacing-right-large:5.76%;--awb-margin-bottom-large:20px;--awb-spacing-left-large:5.76%;--awb-width-medium:100%;--awb-order-medium:0;--awb-spacing-right-medium:1.92%;--awb-spacing-left-medium:1.92%;--awb-width-small:100%;--awb-order-small:0;--awb-spacing-right-small:1.92%;--awb-spacing-left-small:1.92%;\"><div class=\"fusion-column-wrapper fusion-column-has-shadow fusion-flex-justify-content-flex-start fusion-content-layout-column\"><div class=\"fusion-image-element \" style=\"--awb-caption-title-font-family:var(--h2_typography-font-family);--awb-caption-title-font-weight:var(--h2_typography-font-weight);--awb-caption-title-font-style:var(--h2_typography-font-style);--awb-caption-title-size:var(--h2_typography-font-size);--awb-caption-title-transform:var(--h2_typography-text-transform);--awb-caption-title-line-height:var(--h2_typography-line-height);--awb-caption-title-letter-spacing:var(--h2_typography-letter-spacing);\"><span class=\" fusion-imageframe imageframe-none imageframe-1 hover-type-none\"><img fetchpriority=\"high\" fetchpriority=\"high\" decoding=\"async\" width=\"1000\" height=\"1001\" title=\"quiche-and-pot-pies from cultures\" src=\"https:\/\/cultures-restaurants.com\/wp-content\/uploads\/2022\/06\/quiche-and-pot-pies-from-cultures.webp\" alt class=\"img-responsive wp-image-2951\" srcset=\"https:\/\/cultures-restaurants.com\/wp-content\/uploads\/2022\/06\/quiche-and-pot-pies-from-cultures-200x200.webp 200w, https:\/\/cultures-restaurants.com\/wp-content\/uploads\/2022\/06\/quiche-and-pot-pies-from-cultures-400x400.webp 400w, https:\/\/cultures-restaurants.com\/wp-content\/uploads\/2022\/06\/quiche-and-pot-pies-from-cultures-600x601.webp 600w, https:\/\/cultures-restaurants.com\/wp-content\/uploads\/2022\/06\/quiche-and-pot-pies-from-cultures-800x801.webp 800w, https:\/\/cultures-restaurants.com\/wp-content\/uploads\/2022\/06\/quiche-and-pot-pies-from-cultures.webp 1000w\" sizes=\"(max-width: 800px) 100vw, (max-width: 640px) 100vw, 400px\" \/><\/span><\/div><div class=\"fusion-text fusion-text-3\" style=\"--awb-font-size:14px;--awb-line-height:1.5;--awb-text-color:#000000;\"><div class=\"summary-title\">\n<h4>Quiches et p\u00e2t\u00e9s<\/h4>\n<p>Fra\u00eechement pr\u00e9par\u00e9s chaque jour, nos quiches et nos p\u00e2t\u00e9s en format individuel offerts en plusieurs saveurs constituent de parfaites collations sal\u00e9es. Communiquez avec le restaurant Cultures \u00e0 proximit\u00e9 pour conna\u00eetre la disponibilit\u00e9. Contactez le magasin le plus proche pour v\u00e9rifier la disponibilit\u00e9.<\/p>\n<p><strong>Quiche<\/strong><br \/>\nQuiche brocoli et fromage (v\u00e9g\u00e9) \/ <strong>490 calories<\/strong><br \/>\nQuiche aux \u00e9pinards (v\u00e9g\u00e9) \/ <strong>390 Calories<\/strong><br \/>\nQuiche jambon-fromage \/ <strong>520 Calories<\/strong><\/p>\n<p><strong>P\u00e2t\u00e9s<\/strong><br \/>\nP\u00e2t\u00e9 au poulet \/ <strong>350 Calories<\/strong><br \/>\nP\u00e2t\u00e9 \u00e0 la viande \/ <strong>540 Calories<\/strong><\/p>\n<\/div>\n<\/div><\/div><\/div><div class=\"fusion-layout-column fusion_builder_column fusion-builder-column-2 fusion_builder_column_1_3 1_3 fusion-flex-column\" style=\"--awb-bg-size:cover;--awb-width-large:33.333333333333%;--awb-margin-top-large:0px;--awb-spacing-right-large:5.76%;--awb-margin-bottom-large:20px;--awb-spacing-left-large:5.76%;--awb-width-medium:100%;--awb-order-medium:0;--awb-spacing-right-medium:1.92%;--awb-spacing-left-medium:1.92%;--awb-width-small:100%;--awb-order-small:0;--awb-spacing-right-small:1.92%;--awb-spacing-left-small:1.92%;\"><div class=\"fusion-column-wrapper fusion-column-has-shadow fusion-flex-justify-content-flex-start fusion-content-layout-column\"><div class=\"fusion-image-element \" style=\"--awb-caption-title-font-family:var(--h2_typography-font-family);--awb-caption-title-font-weight:var(--h2_typography-font-weight);--awb-caption-title-font-style:var(--h2_typography-font-style);--awb-caption-title-size:var(--h2_typography-font-size);--awb-caption-title-transform:var(--h2_typography-text-transform);--awb-caption-title-line-height:var(--h2_typography-line-height);--awb-caption-title-letter-spacing:var(--h2_typography-letter-spacing);\"><span class=\" fusion-imageframe imageframe-none imageframe-2 hover-type-none\"><img decoding=\"async\" width=\"1000\" height=\"1001\" title=\"marketplace-salad-from-cultures\" src=\"https:\/\/cultures-restaurants.com\/wp-content\/uploads\/2022\/06\/marketplace-salad-from-cultures.webp\" alt class=\"img-responsive wp-image-2952\" srcset=\"https:\/\/cultures-restaurants.com\/wp-content\/uploads\/2022\/06\/marketplace-salad-from-cultures-200x200.webp 200w, https:\/\/cultures-restaurants.com\/wp-content\/uploads\/2022\/06\/marketplace-salad-from-cultures-400x400.webp 400w, https:\/\/cultures-restaurants.com\/wp-content\/uploads\/2022\/06\/marketplace-salad-from-cultures-600x601.webp 600w, https:\/\/cultures-restaurants.com\/wp-content\/uploads\/2022\/06\/marketplace-salad-from-cultures-800x801.webp 800w, https:\/\/cultures-restaurants.com\/wp-content\/uploads\/2022\/06\/marketplace-salad-from-cultures.webp 1000w\" sizes=\"(max-width: 800px) 100vw, (max-width: 640px) 100vw, 400px\" \/><\/span><\/div><div class=\"fusion-text fusion-text-4\" style=\"--awb-font-size:14px;--awb-line-height:1.5;--awb-text-color:#000000;\"><div class=\"summary-title\">\n<h4>Salades du march\u00e9<\/h4>\n<p>Nos salades du march\u00e9 sont fra\u00eechement pr\u00e9par\u00e9es sur place chaque jour. Nous proposons 27 salades d\u2019accompagnement en rotation, y compris des salades v\u00e9g\u00e9taliennes ou v\u00e9g\u00e9tariennes.<\/p>\n<p>1 salade \/ <strong>De 30 \u00e0 450 calories<\/strong><br \/>\n2 salades\/ <strong>De 70 \u00e0 860 calories<\/strong><br \/>\n3 salades \/ <strong>De 130 \u00e0 1250 calories<\/strong><\/p>\n<\/div>\n<\/div><\/div><\/div><div class=\"fusion-layout-column fusion_builder_column fusion-builder-column-3 fusion_builder_column_1_1 1_1 fusion-flex-column\" style=\"--awb-bg-size:cover;--awb-width-large:100%;--awb-margin-top-large:0px;--awb-spacing-right-large:1.92%;--awb-margin-bottom-large:20px;--awb-spacing-left-large:1.92%;--awb-width-medium:100%;--awb-order-medium:0;--awb-spacing-right-medium:1.92%;--awb-spacing-left-medium:1.92%;--awb-width-small:100%;--awb-order-small:0;--awb-spacing-right-small:1.92%;--awb-spacing-left-small:1.92%;\"><div class=\"fusion-column-wrapper fusion-column-has-shadow fusion-flex-justify-content-flex-start fusion-content-layout-column\"><div style=\"text-align:center;\"><a class=\"fusion-button button-flat fusion-button-default-size button-custom fusion-button-default button-1 fusion-button-default-span fusion-button-default-type\" style=\"--awb-margin-bottom:2%;--awb-padding-top:18px;--awb-padding-bottom:18px;--button_accent_color:#ffffff;--button_border_color:#ffffff;--button_accent_hover_color:var(--awb-color1);--button_border_hover_color:var(--awb-color1);--button_gradient_top_color:#aeba12;--button_gradient_bottom_color:#aeba12;--button_gradient_top_color_hover:#bac613;--button_gradient_bottom_color_hover:#bac613;\" target=\"_self\" href=\"https:\/\/cultures-restaurants.com\/fr\/menu\/\"><span class=\"fusion-button-text awb-button__text awb-button__text--default\">RETOUR AU MENU COMPLET<\/span><\/a><\/div><div style=\"text-align:center;\"><a class=\"fusion-button button-flat fusion-button-default-size button-custom fusion-button-default button-2 fusion-button-default-span fusion-button-default-type\" style=\"--button_accent_color:#ffffff;--button_border_color:#ffffff;--button_accent_hover_color:var(--awb-color1);--button_border_hover_color:var(--awb-color1);--button_gradient_top_color:#000000;--button_gradient_bottom_color:#000000;--button_gradient_top_color_hover:#303030;--button_gradient_bottom_color_hover:#303030;\" target=\"_self\" href=\"https:\/\/cultures-restaurants.com\/wp-content\/uploads\/2022\/06\/Cultures_Nutritional_Info_MenuUpdate2019_EN.pdf\"><span class=\"fusion-button-text awb-button__text awb-button__text--default\">informations nutritionnelles<\/span><\/a><\/div><\/div><\/div><\/div><\/div><\/p>\n","protected":false},"excerpt":{"rendered":"","protected":false},"author":1,"featured_media":0,"parent":0,"menu_order":0,"comment_status":"closed","ping_status":"closed","template":"","meta":{"_acf_changed":false,"footnotes":""},"class_list":["post-3743","page","type-page","status-publish","hentry"],"acf":[],"_links":{"self":[{"href":"https:\/\/cultures-restaurants.com\/fr\/wp-json\/wp\/v2\/pages\/3743","targetHints":{"allow":["GET"]}}],"collection":[{"href":"https:\/\/cultures-restaurants.com\/fr\/wp-json\/wp\/v2\/pages"}],"about":[{"href":"https:\/\/cultures-restaurants.com\/fr\/wp-json\/wp\/v2\/types\/page"}],"author":[{"embeddable":true,"href":"https:\/\/cultures-restaurants.com\/fr\/wp-json\/wp\/v2\/users\/1"}],"replies":[{"embeddable":true,"href":"https:\/\/cultures-restaurants.com\/fr\/wp-json\/wp\/v2\/comments?post=3743"}],"version-history":[{"count":5,"href":"https:\/\/cultures-restaurants.com\/fr\/wp-json\/wp\/v2\/pages\/3743\/revisions"}],"predecessor-version":[{"id":3854,"href":"https:\/\/cultures-restaurants.com\/fr\/wp-json\/wp\/v2\/pages\/3743\/revisions\/3854"}],"wp:attachment":[{"href":"https:\/\/cultures-restaurants.com\/fr\/wp-json\/wp\/v2\/media?parent=3743"}],"curies":[{"name":"wp","href":"https:\/\/api.w.org\/{rel}","templated":true}]}}